{"id":38,"date":"2015-01-19T10:29:19","date_gmt":"2015-01-19T10:29:19","guid":{"rendered":"http:\/\/southdancersgang.fr\/?page_id=38"},"modified":"2024-09-08T14:34:04","modified_gmt":"2024-09-08T14:34:04","slug":"informations-adherents","status":"publish","type":"page","link":"https:\/\/southdancersgang.fr\/?page_id=38","title":{"rendered":"Informations adh\u00e9rents"},"content":{"rendered":"<p class=\"paragraph_style_5 full-width font_7\"><span class=\"color_11\" style=\"color: #000000;\">&#8211; Le cours d\u2019essai est gratuit.<\/span><\/p>\n<p class=\"paragraph_style_5 full-width font_7\"><span class=\"color_11\" style=\"color: #000000;\">&#8211; Les adh\u00e9rents s\u2019engagent, en signant le droit \u00e0 l\u2019image, \u00e0 autoriser la publication sur le site de photographies o\u00f9 ils pourraient appara\u00eetre.<\/span><\/p>\n<p class=\"paragraph_style_6 font_7\"><span class=\"color_11\" style=\"color: #000000;\">&#8211; Les adh\u00e9rents devront payer pour l\u2019ann\u00e9e.<\/span><\/p>\n<p class=\"paragraph_style_6 font_7\"><span style=\"color: #000000;\">Tarifs : 20 \u20ac \/ mois pour une personne<\/span><br \/>\n<span style=\"color: #000000;\">35 \u20ac \/ mois pour un couple<\/span><br \/>\n<span style=\"color: #000000;\">45 \u20ac \/ mois pour 3 personnes de la m\u00eame famille (parents\/enfants)<\/span><br \/>\n<span style=\"color: #000000;\">25 \u20ac \/ mois si une personne veut assister \u00e0 deux cours par semaine<\/span><\/p>\n","protected":false},"excerpt":{"rendered":"<p>&#8211; Le cours d\u2019essai est gratuit. &#8211; Les adh\u00e9rents s\u2019engagent, en signant le droit \u00e0 l\u2019image, \u00e0 autoriser la publication sur le site de photographies o\u00f9 ils pourraient appara\u00eetre. &#8211; Les adh\u00e9rents devront payer pour l\u2019ann\u00e9e. Tarifs : 20 \u20ac \/ mois pour une personne 35 \u20ac \/ mois pour un couple 45 \u20ac \/ &hellip; <\/p>\n","protected":false},"author":1,"featured_media":0,"parent":0,"menu_order":0,"comment_status":"closed","ping_status":"open","template":"","meta":{"footnotes":""},"_links":{"self":[{"href":"https:\/\/southdancersgang.fr\/index.php?rest_route=\/wp\/v2\/pages\/38"}],"collection":[{"href":"https:\/\/southdancersgang.fr\/index.php?rest_route=\/wp\/v2\/pages"}],"about":[{"href":"https:\/\/southdancersgang.fr\/index.php?rest_route=\/wp\/v2\/types\/page"}],"author":[{"embeddable":true,"href":"https:\/\/southdancersgang.fr\/index.php?rest_route=\/wp\/v2\/users\/1"}],"replies":[{"embeddable":true,"href":"https:\/\/southdancersgang.fr\/index.php?rest_route=%2Fwp%2Fv2%2Fcomments&post=38"}],"version-history":[{"count":5,"href":"https:\/\/southdancersgang.fr\/index.php?rest_route=\/wp\/v2\/pages\/38\/revisions"}],"predecessor-version":[{"id":2776,"href":"https:\/\/southdancersgang.fr\/index.php?rest_route=\/wp\/v2\/pages\/38\/revisions\/2776"}],"wp:attachment":[{"href":"https:\/\/southdancersgang.fr\/index.php?rest_route=%2Fwp%2Fv2%2Fmedia&parent=38"}],"curies":[{"name":"wp","href":"https:\/\/api.w.org\/{rel}","templated":true}]}}