{"id":26,"date":"2015-01-19T10:25:32","date_gmt":"2015-01-19T10:25:32","guid":{"rendered":"http:\/\/southdancersgang.fr\/?page_id=26"},"modified":"2023-09-11T08:33:29","modified_gmt":"2023-09-11T08:33:29","slug":"ou-nous-trouver","status":"publish","type":"page","link":"https:\/\/southdancersgang.fr\/?page_id=26","title":{"rendered":"Qui sommes-nous ?"},"content":{"rendered":"<p style=\"text-align: center;\"><span style=\"color: #000000;\"><strong>Elsa<\/strong> : Pr\u00e9sidente et animatrice<\/span><\/p>\n<p class=\"font_5\" style=\"text-align: center;\"><span style=\"color: #000000;\"><strong>Line<\/strong> : Tr\u00e9sori\u00e8re<\/span><\/p>\n<p style=\"text-align: center;\"><span style=\"color: #000000;\"><strong>Carole<\/strong> : Secr\u00e9taire<\/span><\/p>\n","protected":false},"excerpt":{"rendered":"<p>Elsa : Pr\u00e9sidente et animatrice Line : Tr\u00e9sori\u00e8re Carole : Secr\u00e9taire<\/p>\n","protected":false},"author":1,"featured_media":0,"parent":0,"menu_order":0,"comment_status":"closed","ping_status":"open","template":"","meta":{"footnotes":""},"_links":{"self":[{"href":"https:\/\/southdancersgang.fr\/index.php?rest_route=\/wp\/v2\/pages\/26"}],"collection":[{"href":"https:\/\/southdancersgang.fr\/index.php?rest_route=\/wp\/v2\/pages"}],"about":[{"href":"https:\/\/southdancersgang.fr\/index.php?rest_route=\/wp\/v2\/types\/page"}],"author":[{"embeddable":true,"href":"https:\/\/southdancersgang.fr\/index.php?rest_route=\/wp\/v2\/users\/1"}],"replies":[{"embeddable":true,"href":"https:\/\/southdancersgang.fr\/index.php?rest_route=%2Fwp%2Fv2%2Fcomments&post=26"}],"version-history":[{"count":13,"href":"https:\/\/southdancersgang.fr\/index.php?rest_route=\/wp\/v2\/pages\/26\/revisions"}],"predecessor-version":[{"id":2467,"href":"https:\/\/southdancersgang.fr\/index.php?rest_route=\/wp\/v2\/pages\/26\/revisions\/2467"}],"wp:attachment":[{"href":"https:\/\/southdancersgang.fr\/index.php?rest_route=%2Fwp%2Fv2%2Fmedia&parent=26"}],"curies":[{"name":"wp","href":"https:\/\/api.w.org\/{rel}","templated":true}]}}